{"id":2,"date":"2021-03-28T15:25:35","date_gmt":"2021-03-28T15:25:35","guid":{"rendered":"http:\/\/melisamartyniuk.com\/?page_id=2"},"modified":"2025-01-16T14:24:17","modified_gmt":"2025-01-16T14:24:17","slug":"pagina-ejemplo","status":"publish","type":"page","link":"http:\/\/melisamartyniuk.com\/?page_id=2","title":{"rendered":"Bio"},"content":{"rendered":"\n<p>Melisa Martyniuk es Magister en Estudios Culturales, graduada de la Universidad Nacional de Rosario. Curs\u00f3 sus estudios de grado en la Escuela Provincial de Teatro y T\u00edteres de la ciudad de Rosario, obteniendo el t\u00edtulo de actriz en el a\u00f1o 2008. Es egresada de la Escuela Rosarina de Psicolog\u00eda Social Enrique Pichon Riviere, donde realiz\u00f3 la formaci\u00f3n en an\u00e1lisis e intervenci\u00f3n en los campos grupal, institucional y comunitario.<\/p>\n\n\n\n<p>Asisti\u00f3 al taller de entrenamiento actoral coordinado por Juan Hessel y particip\u00f3 de distintos seminarios a cargo de Felicitas Kamien, Ricardo Bart\u00eds, Pompeyo Audivert, Cristina Banegas, Alejandro Catal\u00e1n y Emilio Garc\u00eda Wehbi. Se form\u00f3 en la t\u00e9cnica de clown y asisti\u00f3 a diferentes talleres coordinados por Dar\u00edo Levin, Marina Barbera y Gabriel Cham\u00e9 Buend\u00eda, entre otros.<\/p>\n\n\n\n<p>Entre las primeras producciones en las que particip\u00f3 como actriz se encuentran el cortometraje \u201cMan\u00ed\u201d (2007, direcci\u00f3n Nicol\u00e1s Valentini) y las obras \u201cSuena a Tacos\u201d (2008, direcci\u00f3n Gustavo Guirado), &#8220;Payasas al Borde de un Ataque&#8221; (2010, direcci\u00f3n Carolina Diaz Kelly), &#8220;Baltracio, el infantil&#8221; (2010, direcci\u00f3n Facundo Fernandez), &#8220;Payasos en Corto&#8221; (2011, creaci\u00f3n colectiva grupo Enclave de Clown).<\/p>\n\n\n\n<p>En el a\u00f1o 2011 es convocada para actuar en la obra &#8220;Guerra Fr\u00eda, Lejos de Todo&#8221; con texto y direcci\u00f3n de Juan Hessel, realizando funciones hasta el a\u00f1o 2014.<\/p>\n\n\n\n<p>En el 2014 estren\u00f3 &#8220;Algo Sangra&#8221;, su primer obra como directora, dramaturga y productora. Ese mismo a\u00f1o particip\u00f3 como asistente de direcci\u00f3n de la obra &#8220;Do\u00f1a Disparate y Bambuco&#8221; (2\u00ba producci\u00f3n de la Comedia Municipal de Teatro Norberto Campos de Rosario) con direcci\u00f3n de Patricia Ghisoli; y fue seleccionada para participar como directora de las 11\u00ba Jornadas Po\u00e9ticas Teatrales 2014.<\/p>\n\n\n\n<p>Dirigi\u00f3, desde el a\u00f1o 2017 al 2019, el grupo de teatro De La Posta de Arroyo Seco.<\/p>\n\n\n\n<p>En el a\u00f1o 2018 se desempe\u00f1\u00f3 como actriz del cortometraje \u201cGuiso de Saturno\u201d dirigido por Juan Linch, seleccionado para participaren la 21\u00ba edici\u00f3n del BAFICI en la categor\u00eda competencia argentina de cortometrajes. Ese mismo a\u00f1o estren\u00f3 la obra Border, donde se desempe\u00f1\u00f3 como actriz, dramaturga y productora, haciendo funciones hasta el a\u00f1o 2024.<\/p>\n\n\n\n<p>En 2019 actu\u00f3 en la obra breve &#8220;Quem\u00e1 los papeles&#8221; dirigida por Juan Hessel en el marco del ciclo Teatro Bonsai, organizado por el Centro Cultural Parque de Espa\u00f1a de Rosario.<\/p>\n\n\n\n<p>Es una de las fundadoras del Centro Cultural La Peruta, donde se desempe\u00f1o como gestora cultural desde el a\u00f1o 2010 al 2020.<\/p>\n\n\n\n<p>Su trabajo de investigaci\u00f3n &#8220;Territorio experimental. La obra de juan Hessel en el contexto del teatro independiente rosarino&#8221; fue seleccionado en la convocatoria &#8220;20 a\u00f1os editando teatro&#8221; del Instituto Nacional del Teatro y fue publicado en 2024 por la UNR Editora.<\/p>\n\n\n\n<p>Asisti\u00f3 al taller de escritura coordinado por Alan Pauls, en el marco del cual desarroll\u00f3 su primer guion de largometraje. Actualmente trabaja como docente de la Escuela Provincial de Teatro de la ciudad de Santa Fe y desde el a\u00f1o 2023 forma parte del equipo de producci\u00f3n del Festival de Artes Esc\u00e9nicas de Rosario (FAER).<\/p>\n\n\n\n<p><\/p>\n","protected":false},"excerpt":{"rendered":"<p>Melisa Martyniuk es Magister en Estudios Culturales, graduada de la Universidad Nacional de Rosario. Curs\u00f3 sus estudios de grado en<\/p>\n<p><a href=\"http:\/\/melisamartyniuk.com\/?page_id=2\" class=\"more-link\">Continue reading<span class=\"screen-reader-text\">Bio<\/span><\/a><\/p>\n","protected":false},"author":1,"featured_media":0,"parent":0,"menu_order":2,"comment_status":"closed","ping_status":"closed","template":"","meta":{"om_disable_all_campaigns":false,"_monsterinsights_skip_tracking":false,"_monsterinsights_sitenote_active":false,"_monsterinsights_sitenote_note":"","_monsterinsights_sitenote_category":0},"_links":{"self":[{"href":"http:\/\/melisamartyniuk.com\/index.php?rest_route=\/wp\/v2\/pages\/2"}],"collection":[{"href":"http:\/\/melisamartyniuk.com\/index.php?rest_route=\/wp\/v2\/pages"}],"about":[{"href":"http:\/\/melisamartyniuk.com\/index.php?rest_route=\/wp\/v2\/types\/page"}],"author":[{"embeddable":true,"href":"http:\/\/melisamartyniuk.com\/index.php?rest_route=\/wp\/v2\/users\/1"}],"replies":[{"embeddable":true,"href":"http:\/\/melisamartyniuk.com\/index.php?rest_route=%2Fwp%2Fv2%2Fcomments&post=2"}],"version-history":[{"count":12,"href":"http:\/\/melisamartyniuk.com\/index.php?rest_route=\/wp\/v2\/pages\/2\/revisions"}],"predecessor-version":[{"id":431,"href":"http:\/\/melisamartyniuk.com\/index.php?rest_route=\/wp\/v2\/pages\/2\/revisions\/431"}],"wp:attachment":[{"href":"http:\/\/melisamartyniuk.com\/index.php?rest_route=%2Fwp%2Fv2%2Fmedia&parent=2"}],"curies":[{"name":"wp","href":"https:\/\/api.w.org\/{rel}","templated":true}]}}