{"id":58,"date":"2021-04-05T00:29:40","date_gmt":"2021-04-05T00:29:40","guid":{"rendered":"http:\/\/melisamartyniuk.com\/?page_id=58"},"modified":"2022-04-13T14:37:35","modified_gmt":"2022-04-13T14:37:35","slug":"border","status":"publish","type":"page","link":"http:\/\/melisamartyniuk.com\/?page_id=58","title":{"rendered":"BORDER"},"content":{"rendered":"\n<p class=\"has-text-align-center\">Writer &#8211; performer &#8211; producer \/ Escritora &#8211; actriz &#8211; productora<\/p>\n\n\n\n<div class=\"wp-block-columns\">\n<div class=\"wp-block-column\">\n<figure class=\"wp-block-image size-large\"><img loading=\"lazy\" width=\"1024\" height=\"683\" src=\"http:\/\/melisamartyniuk.com\/wp-content\/uploads\/2022\/04\/IMG_2351-editada-1024x683.jpg\" alt=\"\" class=\"wp-image-420\" srcset=\"http:\/\/melisamartyniuk.com\/wp-content\/uploads\/2022\/04\/IMG_2351-editada-1024x683.jpg 1024w, http:\/\/melisamartyniuk.com\/wp-content\/uploads\/2022\/04\/IMG_2351-editada-300x200.jpg 300w, http:\/\/melisamartyniuk.com\/wp-content\/uploads\/2022\/04\/IMG_2351-editada-768x512.jpg 768w, http:\/\/melisamartyniuk.com\/wp-content\/uploads\/2022\/04\/IMG_2351-editada-1536x1024.jpg 1536w, http:\/\/melisamartyniuk.com\/wp-content\/uploads\/2022\/04\/IMG_2351-editada-2048x1365.jpg 2048w\" sizes=\"(max-width: 1024px) 100vw, 1024px\" \/><\/figure>\n\n\n\n<div class=\"wp-block-columns\">\n<div class=\"wp-block-column\">\n<p class=\"has-text-align-right\" style=\"font-size:14px\"><strong>[eng]<\/strong><\/p>\n\n\n\n<p class=\"has-text-align-right\" style=\"font-size:14px\">2018 &#8211; 2022<\/p>\n\n\n\n<p class=\"has-text-align-right\" style=\"font-size:14px\"><strong>Written produced and starred by<\/strong><br>Melisa Martyniuk.<br><strong>Directed by:<\/strong> Mayra S\u00e1nchez.<\/p>\n\n\n\n<p class=\"has-text-align-right\" style=\"font-size:14px\"><strong>Performances at<\/strong><br>La Peruta Cultural Space,<br>La Comedia Municipal Theater,<br>La Usina Social, Rosario.<br>La Popular<br>El Ateneo Cultural<br>Centro Cultural Municipal de Pueblo Esther<br>Auditorio Municipal de Funes<br>Teatro La Manzana, Rosario.<\/p>\n\n\n\n<p class=\"has-text-align-right\" style=\"font-size:14px\"><strong>Awards<\/strong><br>Winning work \u201cSantafesina Scene program\u201d 2017.<br>Winning play \u201cProduction funding\u201d from the National Theater Institute 2018.<br>Selected to participate in the program Argentina Florece<br>Teatral.<\/p>\n\n\n\n<p class=\"has-text-align-right\" style=\"font-size:14px\"><strong>Synopsis<\/strong><br>Marisol is a dancer who, due to a sudden disability, is confined to moving in a wheelchair. Through a relationship crisis, she finds in social networks an effective way to contact the world and become popular. An unexpected appearance of Pina Bausch\u2019s spectrum will fuel her ambition, leading her to make a decision that will change her life forever.<\/p>\n\n\n\n<p class=\"has-text-align-right\" style=\"font-size:14px\"><br>&#8220;Time has been turned upside down. We cripples will change the meaning and direction of this world. We are the forerunners of the man of tomorrow! Let it go viral! Let it go viral!&#8221;<\/p>\n\n\n\n<p class=\"has-text-align-right\" style=\"font-size:14px\"><strong>Website<\/strong><br>www.borderteatro.com.ar<br><strong>Release date:<\/strong> May 5 2018.<\/p>\n<\/div>\n\n\n\n<div class=\"wp-block-column\">\n<p style=\"font-size:14px\"><strong>[es]<\/strong><\/p>\n\n\n\n<p style=\"font-size:14px\">2018 &#8211; 2022<\/p>\n\n\n\n<p style=\"font-size:14px\"><strong>Escrita, producida y protagonizada por<\/strong><br>Melisa Martyniuk.<br><strong>Dirigida por:<\/strong> Mayra S\u00e1nchez.<\/p>\n\n\n\n<p style=\"font-size:14px\"><strong>Funciones en<\/strong><br>La Peruta espacio cultural,<br>La Comedia Teatro Municipal,<br>La Usina Social, Rosario.<br>La Popular<br>El Ateneo Cultural<br>Centro Cultural Municipal de Pueblo Esther<br>Auditorio Municipal de Funes<br>Teatro La Manzana, Rosario.<\/p>\n\n\n\n<p style=\"font-size:14px\"><strong>Reconocimientos<\/strong><br>Ganadora del programa Escena Santafesina 2017.<br>Ganadora del subsidio de producci\u00f3n de obra del Instituto Nacional del Teatro 2018.<br>Seleccionada para participar del programa Argentina Florece Teatral.<\/p>\n\n\n\n<p style=\"font-size:14px\"><strong>Sinopsis<\/strong><br>Marisol es una bailarina que, a causa de una repentina discapacidad, queda confinada a trasladarse en silla de ruedas. Atravesada por una crisis de pareja, encuentra en las redes sociales un medio propicio para contactarse con el mundo y popularizarse. La aparici\u00f3n inesperada del espectro de Pina Bausch alimentar\u00e1 su ambici\u00f3n, lo que la llevar\u00e1 a tomar una decisi\u00f3n que cambiar\u00e1 su vida para siempre.<\/p>\n\n\n\n<p style=\"font-size:14px\">\u201cEl tiempo ha sido trastocado. Los tullidos cambiaremos el sentido y la direcci\u00f3n de este mundo. \u00a1Somos los precursores del hombre del ma\u00f1ana!&nbsp; \u00a1Que se viralice! \u00a1Que se viralice!\u201d<\/p>\n\n\n\n<p style=\"font-size:14px\"><strong>Sitio web<\/strong><br>www.borderteatro.com.ar<br><strong>Fecha de estreno: <\/strong>5 mayo de 2018.<\/p>\n<\/div>\n<\/div>\n\n\n\n<figure class=\"wp-block-embed is-type-video is-provider-youtube wp-block-embed-youtube wp-embed-aspect-16-9 wp-has-aspect-ratio\"><div class=\"wp-block-embed__wrapper\">\n<iframe loading=\"lazy\" title=\"BORDER\" width=\"920\" height=\"518\" src=\"https:\/\/www.youtube.com\/embed\/uxD6McQwOKg?feature=oembed\" frameborder=\"0\" allow=\"accelerometer; autoplay; clipboard-write; encrypted-media; gyroscope; picture-in-picture\" allowfullscreen><\/iframe>\n<\/div><\/figure>\n<\/div>\n<\/div>\n\n\n\n<div class=\"wp-block-columns\">\n<div class=\"wp-block-column\" style=\"flex-basis:100%\">\n<div class=\"wp-block-columns\">\n<div class=\"wp-block-column\" style=\"flex-basis:100%\">\n<div class=\"wp-block-columns\">\n<div class=\"wp-block-column\">\n<p class=\"has-text-align-right\" style=\"font-size:14px\"><strong>[eng]<\/strong><\/p>\n\n\n\n<p class=\"has-text-align-right\" style=\"font-size:14px\">BORDER is a black comedy in a one-person format that arises from several trigger axes: prostheses as a way to enhance the capabilities of the body itself, the infinite possibilities offered by new technologies and the phenomenon of influencers on social networks. In this sense, the work has a strong contemporary imprint where themes that are recurrent in the current debates of our society resonate, which constitute a great contribution to the development of this story.<br>Border walks the limit of a decidedly ambiguous line between the absurd and the realistic. The work explores the single-person format to achieve a dynamic and attractive show, where playing with one&#8217;s own limitations enables a new universe of possibilities that enhances what happens on stage.<\/p>\n\n\n\n<p class=\"has-text-align-right\" style=\"font-size:14px\"><br><br><\/p>\n<\/div>\n\n\n\n<div class=\"wp-block-column\">\n<p style=\"font-size:14px\"><strong>[es]<\/strong><\/p>\n\n\n\n<p style=\"font-size:14px\">BORDER es una comedia negra en formato unipersonal que surge a partir de varios ejes disparadores: las pr\u00f3tesis como forma de potenciar las capacidades del propio cuerpo, las infinitas posibilidades que nos brindan las nuevas tecnolog\u00edas y el fen\u00f3meno de los influencers en redes sociales. En este sentido, la obra tiene una fuerte impronta contempor\u00e1nea en donde resuenan temas que son recurrentes en los debates actuales de nuestra sociedad, que se constituyen en un gran aporte para el desarrollo de esta historia.<br>Border transita por el l\u00edmite de una l\u00ednea decididamente ambigua entre lo absurdo y lo realista. La obra indaga en el formato unipersonal para lograr un espect\u00e1culo din\u00e1mico y atractivo, donde el juego con las propias limitaciones habilita un nuevo universo de posibilidades que potencia lo que sucede sobre el escenario.<\/p>\n<\/div>\n<\/div>\n\n\n\n<figure class=\"wp-block-gallery columns-2 is-cropped\"><ul class=\"blocks-gallery-grid\"><li class=\"blocks-gallery-item\"><figure><img loading=\"lazy\" width=\"1024\" height=\"683\" src=\"http:\/\/melisamartyniuk.com\/wp-content\/uploads\/2022\/04\/IMG_2248-1024x683.jpg\" alt=\"\" data-id=\"390\" data-link=\"http:\/\/melisamartyniuk.com\/?attachment_id=390\" class=\"wp-image-390\" srcset=\"http:\/\/melisamartyniuk.com\/wp-content\/uploads\/2022\/04\/IMG_2248-1024x683.jpg 1024w, http:\/\/melisamartyniuk.com\/wp-content\/uploads\/2022\/04\/IMG_2248-300x200.jpg 300w, http:\/\/melisamartyniuk.com\/wp-content\/uploads\/2022\/04\/IMG_2248-768x512.jpg 768w, http:\/\/melisamartyniuk.com\/wp-content\/uploads\/2022\/04\/IMG_2248-1536x1024.jpg 1536w, http:\/\/melisamartyniuk.com\/wp-content\/uploads\/2022\/04\/IMG_2248-2048x1365.jpg 2048w\" sizes=\"(max-width: 1024px) 100vw, 1024px\" \/><\/figure><\/li><li class=\"blocks-gallery-item\"><figure><img loading=\"lazy\" width=\"1024\" height=\"683\" src=\"http:\/\/melisamartyniuk.com\/wp-content\/uploads\/2022\/04\/IMG_2171-editada-1024x683.jpg\" alt=\"\" data-id=\"389\" data-link=\"http:\/\/melisamartyniuk.com\/?attachment_id=389\" class=\"wp-image-389\" srcset=\"http:\/\/melisamartyniuk.com\/wp-content\/uploads\/2022\/04\/IMG_2171-editada-1024x683.jpg 1024w, http:\/\/melisamartyniuk.com\/wp-content\/uploads\/2022\/04\/IMG_2171-editada-300x200.jpg 300w, http:\/\/melisamartyniuk.com\/wp-content\/uploads\/2022\/04\/IMG_2171-editada-768x512.jpg 768w, http:\/\/melisamartyniuk.com\/wp-content\/uploads\/2022\/04\/IMG_2171-editada-1536x1024.jpg 1536w, http:\/\/melisamartyniuk.com\/wp-content\/uploads\/2022\/04\/IMG_2171-editada-2048x1365.jpg 2048w\" sizes=\"(max-width: 1024px) 100vw, 1024px\" \/><\/figure><\/li><\/ul><\/figure>\n\n\n\n<figure class=\"wp-block-gallery columns-2 is-cropped\"><ul class=\"blocks-gallery-grid\"><li class=\"blocks-gallery-item\"><figure><img loading=\"lazy\" width=\"1024\" height=\"683\" src=\"http:\/\/melisamartyniuk.com\/wp-content\/uploads\/2022\/04\/IMG_2211-editada-3-1024x683.jpg\" alt=\"\" data-id=\"410\" data-full-url=\"http:\/\/melisamartyniuk.com\/wp-content\/uploads\/2022\/04\/IMG_2211-editada-3-scaled.jpg\" data-link=\"http:\/\/melisamartyniuk.com\/?attachment_id=410\" class=\"wp-image-410\" srcset=\"http:\/\/melisamartyniuk.com\/wp-content\/uploads\/2022\/04\/IMG_2211-editada-3-1024x683.jpg 1024w, http:\/\/melisamartyniuk.com\/wp-content\/uploads\/2022\/04\/IMG_2211-editada-3-300x200.jpg 300w, http:\/\/melisamartyniuk.com\/wp-content\/uploads\/2022\/04\/IMG_2211-editada-3-768x512.jpg 768w, http:\/\/melisamartyniuk.com\/wp-content\/uploads\/2022\/04\/IMG_2211-editada-3-1536x1024.jpg 1536w, http:\/\/melisamartyniuk.com\/wp-content\/uploads\/2022\/04\/IMG_2211-editada-3-2048x1365.jpg 2048w\" sizes=\"(max-width: 1024px) 100vw, 1024px\" \/><\/figure><\/li><li class=\"blocks-gallery-item\"><figure><img loading=\"lazy\" width=\"1024\" height=\"683\" src=\"http:\/\/melisamartyniuk.com\/wp-content\/uploads\/2022\/04\/IMG_2303-1-1024x683.jpg\" alt=\"\" data-id=\"396\" data-full-url=\"http:\/\/melisamartyniuk.com\/wp-content\/uploads\/2022\/04\/IMG_2303-1-scaled.jpg\" data-link=\"http:\/\/melisamartyniuk.com\/?attachment_id=396\" class=\"wp-image-396\" srcset=\"http:\/\/melisamartyniuk.com\/wp-content\/uploads\/2022\/04\/IMG_2303-1-1024x683.jpg 1024w, http:\/\/melisamartyniuk.com\/wp-content\/uploads\/2022\/04\/IMG_2303-1-300x200.jpg 300w, http:\/\/melisamartyniuk.com\/wp-content\/uploads\/2022\/04\/IMG_2303-1-768x512.jpg 768w, http:\/\/melisamartyniuk.com\/wp-content\/uploads\/2022\/04\/IMG_2303-1-1536x1024.jpg 1536w\" sizes=\"(max-width: 1024px) 100vw, 1024px\" \/><\/figure><\/li><\/ul><\/figure>\n\n\n\n<figure class=\"wp-block-image size-large\"><img loading=\"lazy\" width=\"1024\" height=\"683\" src=\"http:\/\/melisamartyniuk.com\/wp-content\/uploads\/2022\/04\/IMG_2377-5-1024x683.jpg\" alt=\"\" class=\"wp-image-409\" srcset=\"http:\/\/melisamartyniuk.com\/wp-content\/uploads\/2022\/04\/IMG_2377-5-1024x683.jpg 1024w, http:\/\/melisamartyniuk.com\/wp-content\/uploads\/2022\/04\/IMG_2377-5-300x200.jpg 300w, http:\/\/melisamartyniuk.com\/wp-content\/uploads\/2022\/04\/IMG_2377-5-768x512.jpg 768w, http:\/\/melisamartyniuk.com\/wp-content\/uploads\/2022\/04\/IMG_2377-5-1536x1024.jpg 1536w, http:\/\/melisamartyniuk.com\/wp-content\/uploads\/2022\/04\/IMG_2377-5-2048x1365.jpg 2048w\" sizes=\"(max-width: 1024px) 100vw, 1024px\" \/><\/figure>\n<\/div>\n<\/div>\n<\/div>\n<\/div>\n\n\n\n<p><\/p>\n","protected":false},"excerpt":{"rendered":"<p>Writer &#8211; performer &#8211; producer \/ Escritora &#8211; actriz &#8211; productora<\/p>\n","protected":false},"author":1,"featured_media":0,"parent":0,"menu_order":0,"comment_status":"closed","ping_status":"closed","template":"","meta":{"om_disable_all_campaigns":false,"_monsterinsights_skip_tracking":false,"_monsterinsights_sitenote_active":false,"_monsterinsights_sitenote_note":"","_monsterinsights_sitenote_category":0},"_links":{"self":[{"href":"http:\/\/melisamartyniuk.com\/index.php?rest_route=\/wp\/v2\/pages\/58"}],"collection":[{"href":"http:\/\/melisamartyniuk.com\/index.php?rest_route=\/wp\/v2\/pages"}],"about":[{"href":"http:\/\/melisamartyniuk.com\/index.php?rest_route=\/wp\/v2\/types\/page"}],"author":[{"embeddable":true,"href":"http:\/\/melisamartyniuk.com\/index.php?rest_route=\/wp\/v2\/users\/1"}],"replies":[{"embeddable":true,"href":"http:\/\/melisamartyniuk.com\/index.php?rest_route=%2Fwp%2Fv2%2Fcomments&post=58"}],"version-history":[{"count":14,"href":"http:\/\/melisamartyniuk.com\/index.php?rest_route=\/wp\/v2\/pages\/58\/revisions"}],"predecessor-version":[{"id":423,"href":"http:\/\/melisamartyniuk.com\/index.php?rest_route=\/wp\/v2\/pages\/58\/revisions\/423"}],"wp:attachment":[{"href":"http:\/\/melisamartyniuk.com\/index.php?rest_route=%2Fwp%2Fv2%2Fmedia&parent=58"}],"curies":[{"name":"wp","href":"https:\/\/api.w.org\/{rel}","templated":true}]}}