{"id":92,"date":"2021-04-05T02:41:05","date_gmt":"2021-04-05T02:41:05","guid":{"rendered":"http:\/\/melisamartyniuk.com\/?page_id=92"},"modified":"2025-01-16T14:50:33","modified_gmt":"2025-01-16T14:50:33","slug":"algo-sangra","status":"publish","type":"page","link":"http:\/\/melisamartyniuk.com\/?page_id=92","title":{"rendered":"Algo Sangra"},"content":{"rendered":"\n<p class=\"has-text-align-center\">Writer &#8211; director &#8211; producer \/ Escritora &#8211; directora &#8211; productora<\/p>\n\n\n\n<figure class=\"wp-block-image size-large\"><img loading=\"lazy\" width=\"1024\" height=\"678\" src=\"http:\/\/melisamartyniuk.com\/wp-content\/uploads\/2021\/04\/Algo-Sangra-FOTO1-1024x678.jpg\" alt=\"\" class=\"wp-image-93\" srcset=\"http:\/\/melisamartyniuk.com\/wp-content\/uploads\/2021\/04\/Algo-Sangra-FOTO1-1024x678.jpg 1024w, http:\/\/melisamartyniuk.com\/wp-content\/uploads\/2021\/04\/Algo-Sangra-FOTO1-300x199.jpg 300w, http:\/\/melisamartyniuk.com\/wp-content\/uploads\/2021\/04\/Algo-Sangra-FOTO1-768x509.jpg 768w, http:\/\/melisamartyniuk.com\/wp-content\/uploads\/2021\/04\/Algo-Sangra-FOTO1-1536x1017.jpg 1536w, http:\/\/melisamartyniuk.com\/wp-content\/uploads\/2021\/04\/Algo-Sangra-FOTO1-2048x1357.jpg 2048w\" sizes=\"(max-width: 1024px) 100vw, 1024px\" \/><\/figure>\n\n\n\n<div class=\"wp-block-columns\">\n<div class=\"wp-block-column\">\n<p class=\"has-text-align-right\" style=\"font-size:14px\"><strong>[eng]<\/strong><br>2014 &#8211; 2015<br><strong>Algo Sangra<\/strong><br>(Something bleeds)<\/p>\n\n\n\n<p class=\"has-text-align-right\" style=\"font-size:14px\"><strong>Written, directed and produced by<\/strong><br>Melisa Martyniuk.<\/p>\n\n\n\n<p class=\"has-text-align-right\" style=\"font-size:14px\"><strong>Awards<\/strong><br>Winner of the \u201cProduction funding\u201d<br>from the National Theater Institute 2014.<\/p>\n\n\n\n<p class=\"has-text-align-right\" style=\"font-size:14px\"><strong>Performances at<\/strong><br>La Manzana Theater<br>Centro de Estudios Teatrales (CET)<br>La Peruta Cultural Space<\/p>\n\n\n\n<p class=\"has-text-align-right\" style=\"font-size:14px\"><strong>Synopsis<\/strong><br>A mother and her two daughters live with a live-in psychologist, who intends to heal this family through an original therapeutic method. The tension between these women is reinforced by the unexpected arrival of the orphan cousin from Chaco (a northern argentinian province), who unleashes chaos by upsetting the family order.<\/p>\n<\/div>\n\n\n\n<div class=\"wp-block-column\">\n<p style=\"font-size:14px\"><strong>[es]<\/strong><br>2014 &#8211; 2015<br><strong>Algo Sangra<\/strong><\/p>\n\n\n\n<p style=\"font-size:14px\"><br><strong>Escrita, dirigida y producida por<\/strong><br>Melisa Martyniuk<\/p>\n\n\n\n<p style=\"font-size:14px\"><strong>Reconocimientos<\/strong><br>Ganadora del subsidio de producci\u00f3n de obra del Instituto Nacional del Teatro 2014.<\/p>\n\n\n\n<p style=\"font-size:14px\"><strong>Funciones en<\/strong><br>Teatro La Manzana<br>Centro de Estudios Teatrales (CET)<br>La Peruta espacio cultural<\/p>\n\n\n\n<p style=\"font-size:14px\"><strong>Sinopsis<\/strong><br>La madre y sus dos hijas conviven con el psic\u00f3logo cama&nbsp;adentro, el cual propone la cura de esta familia a trav\u00e9s de&nbsp;un novedoso m\u00e9todo terap\u00e9utico. La tensi\u00f3n entre estas mujeres se ve reforzada por la llegada inesperada del primo hu\u00e9rfano del chaco, que desata el caos dando un vuelco en el orden familiar.<\/p>\n<\/div>\n<\/div>\n\n\n\n<div class=\"wp-block-columns\">\n<div class=\"wp-block-column\"><\/div>\n\n\n\n<div class=\"wp-block-column\"><\/div>\n<\/div>\n\n\n\n<figure class=\"wp-block-gallery columns-3 is-cropped\"><ul class=\"blocks-gallery-grid\"><li class=\"blocks-gallery-item\"><figure><img loading=\"lazy\" width=\"1024\" height=\"678\" src=\"http:\/\/melisamartyniuk.com\/wp-content\/uploads\/2021\/04\/DSC_6472-1024x678.jpg\" alt=\"\" data-id=\"106\" data-link=\"http:\/\/melisamartyniuk.com\/?attachment_id=106\" class=\"wp-image-106\" srcset=\"http:\/\/melisamartyniuk.com\/wp-content\/uploads\/2021\/04\/DSC_6472-1024x678.jpg 1024w, http:\/\/melisamartyniuk.com\/wp-content\/uploads\/2021\/04\/DSC_6472-300x199.jpg 300w, http:\/\/melisamartyniuk.com\/wp-content\/uploads\/2021\/04\/DSC_6472-768x509.jpg 768w, http:\/\/melisamartyniuk.com\/wp-content\/uploads\/2021\/04\/DSC_6472-1536x1017.jpg 1536w, http:\/\/melisamartyniuk.com\/wp-content\/uploads\/2021\/04\/DSC_6472-2048x1357.jpg 2048w\" sizes=\"(max-width: 1024px) 100vw, 1024px\" \/><\/figure><\/li><li class=\"blocks-gallery-item\"><figure><img loading=\"lazy\" width=\"1024\" height=\"678\" src=\"http:\/\/melisamartyniuk.com\/wp-content\/uploads\/2021\/04\/DSC_6495-1024x678.jpg\" alt=\"\" data-id=\"108\" data-link=\"http:\/\/melisamartyniuk.com\/?attachment_id=108\" class=\"wp-image-108\" srcset=\"http:\/\/melisamartyniuk.com\/wp-content\/uploads\/2021\/04\/DSC_6495-1024x678.jpg 1024w, http:\/\/melisamartyniuk.com\/wp-content\/uploads\/2021\/04\/DSC_6495-300x199.jpg 300w, http:\/\/melisamartyniuk.com\/wp-content\/uploads\/2021\/04\/DSC_6495-768x509.jpg 768w, http:\/\/melisamartyniuk.com\/wp-content\/uploads\/2021\/04\/DSC_6495-1536x1017.jpg 1536w, http:\/\/melisamartyniuk.com\/wp-content\/uploads\/2021\/04\/DSC_6495-2048x1357.jpg 2048w\" sizes=\"(max-width: 1024px) 100vw, 1024px\" \/><\/figure><\/li><li class=\"blocks-gallery-item\"><figure><img loading=\"lazy\" width=\"1024\" height=\"678\" src=\"http:\/\/melisamartyniuk.com\/wp-content\/uploads\/2021\/04\/DSC_6553-1024x678.jpg\" alt=\"\" data-id=\"109\" data-link=\"http:\/\/melisamartyniuk.com\/?attachment_id=109\" class=\"wp-image-109\" srcset=\"http:\/\/melisamartyniuk.com\/wp-content\/uploads\/2021\/04\/DSC_6553-1024x678.jpg 1024w, http:\/\/melisamartyniuk.com\/wp-content\/uploads\/2021\/04\/DSC_6553-300x199.jpg 300w, http:\/\/melisamartyniuk.com\/wp-content\/uploads\/2021\/04\/DSC_6553-768x509.jpg 768w, http:\/\/melisamartyniuk.com\/wp-content\/uploads\/2021\/04\/DSC_6553-1536x1017.jpg 1536w, http:\/\/melisamartyniuk.com\/wp-content\/uploads\/2021\/04\/DSC_6553-2048x1357.jpg 2048w\" sizes=\"(max-width: 1024px) 100vw, 1024px\" \/><\/figure><\/li><li class=\"blocks-gallery-item\"><figure><img loading=\"lazy\" width=\"1024\" height=\"678\" src=\"http:\/\/melisamartyniuk.com\/wp-content\/uploads\/2021\/04\/DSC_7144-1024x678.jpg\" alt=\"\" data-id=\"110\" data-link=\"http:\/\/melisamartyniuk.com\/?attachment_id=110\" class=\"wp-image-110\" srcset=\"http:\/\/melisamartyniuk.com\/wp-content\/uploads\/2021\/04\/DSC_7144-1024x678.jpg 1024w, http:\/\/melisamartyniuk.com\/wp-content\/uploads\/2021\/04\/DSC_7144-300x199.jpg 300w, http:\/\/melisamartyniuk.com\/wp-content\/uploads\/2021\/04\/DSC_7144-768x509.jpg 768w, http:\/\/melisamartyniuk.com\/wp-content\/uploads\/2021\/04\/DSC_7144-1536x1017.jpg 1536w, http:\/\/melisamartyniuk.com\/wp-content\/uploads\/2021\/04\/DSC_7144-2048x1356.jpg 2048w\" sizes=\"(max-width: 1024px) 100vw, 1024px\" \/><\/figure><\/li><li class=\"blocks-gallery-item\"><figure><img loading=\"lazy\" width=\"1024\" height=\"678\" src=\"http:\/\/melisamartyniuk.com\/wp-content\/uploads\/2021\/04\/DSC_7366-1024x678.jpg\" alt=\"\" data-id=\"111\" data-link=\"http:\/\/melisamartyniuk.com\/?attachment_id=111\" class=\"wp-image-111\" srcset=\"http:\/\/melisamartyniuk.com\/wp-content\/uploads\/2021\/04\/DSC_7366-1024x678.jpg 1024w, http:\/\/melisamartyniuk.com\/wp-content\/uploads\/2021\/04\/DSC_7366-300x199.jpg 300w, http:\/\/melisamartyniuk.com\/wp-content\/uploads\/2021\/04\/DSC_7366-768x509.jpg 768w, http:\/\/melisamartyniuk.com\/wp-content\/uploads\/2021\/04\/DSC_7366-1536x1017.jpg 1536w, http:\/\/melisamartyniuk.com\/wp-content\/uploads\/2021\/04\/DSC_7366-2048x1356.jpg 2048w\" sizes=\"(max-width: 1024px) 100vw, 1024px\" \/><\/figure><\/li><li class=\"blocks-gallery-item\"><figure><img loading=\"lazy\" width=\"1024\" height=\"678\" src=\"http:\/\/melisamartyniuk.com\/wp-content\/uploads\/2021\/04\/DSC_7263-1024x678.jpg\" alt=\"\" data-id=\"112\" data-link=\"http:\/\/melisamartyniuk.com\/?attachment_id=112\" class=\"wp-image-112\" srcset=\"http:\/\/melisamartyniuk.com\/wp-content\/uploads\/2021\/04\/DSC_7263-1024x678.jpg 1024w, http:\/\/melisamartyniuk.com\/wp-content\/uploads\/2021\/04\/DSC_7263-300x199.jpg 300w, http:\/\/melisamartyniuk.com\/wp-content\/uploads\/2021\/04\/DSC_7263-768x509.jpg 768w, http:\/\/melisamartyniuk.com\/wp-content\/uploads\/2021\/04\/DSC_7263-1536x1017.jpg 1536w, http:\/\/melisamartyniuk.com\/wp-content\/uploads\/2021\/04\/DSC_7263-2048x1356.jpg 2048w\" sizes=\"(max-width: 1024px) 100vw, 1024px\" \/><\/figure><\/li><li class=\"blocks-gallery-item\"><figure><img loading=\"lazy\" width=\"1024\" height=\"678\" src=\"http:\/\/melisamartyniuk.com\/wp-content\/uploads\/2021\/04\/DSC_7389-1024x678.jpg\" alt=\"\" data-id=\"113\" data-link=\"http:\/\/melisamartyniuk.com\/?attachment_id=113\" class=\"wp-image-113\" srcset=\"http:\/\/melisamartyniuk.com\/wp-content\/uploads\/2021\/04\/DSC_7389-1024x678.jpg 1024w, http:\/\/melisamartyniuk.com\/wp-content\/uploads\/2021\/04\/DSC_7389-300x199.jpg 300w, http:\/\/melisamartyniuk.com\/wp-content\/uploads\/2021\/04\/DSC_7389-768x509.jpg 768w, http:\/\/melisamartyniuk.com\/wp-content\/uploads\/2021\/04\/DSC_7389-1536x1017.jpg 1536w, http:\/\/melisamartyniuk.com\/wp-content\/uploads\/2021\/04\/DSC_7389-2048x1356.jpg 2048w\" sizes=\"(max-width: 1024px) 100vw, 1024px\" \/><\/figure><\/li><li class=\"blocks-gallery-item\"><figure><img loading=\"lazy\" width=\"960\" height=\"636\" src=\"http:\/\/melisamartyniuk.com\/wp-content\/uploads\/2021\/04\/algo-sangra-3.jpg\" alt=\"\" data-id=\"114\" data-full-url=\"http:\/\/melisamartyniuk.com\/wp-content\/uploads\/2021\/04\/algo-sangra-3.jpg\" data-link=\"http:\/\/melisamartyniuk.com\/?attachment_id=114\" class=\"wp-image-114\" srcset=\"http:\/\/melisamartyniuk.com\/wp-content\/uploads\/2021\/04\/algo-sangra-3.jpg 960w, http:\/\/melisamartyniuk.com\/wp-content\/uploads\/2021\/04\/algo-sangra-3-300x199.jpg 300w, http:\/\/melisamartyniuk.com\/wp-content\/uploads\/2021\/04\/algo-sangra-3-768x509.jpg 768w\" sizes=\"(max-width: 960px) 100vw, 960px\" \/><\/figure><\/li><li class=\"blocks-gallery-item\"><figure><img loading=\"lazy\" width=\"1024\" height=\"678\" src=\"http:\/\/melisamartyniuk.com\/wp-content\/uploads\/2021\/04\/DSC_7250-1024x678.jpg\" alt=\"\" data-id=\"115\" data-full-url=\"http:\/\/melisamartyniuk.com\/wp-content\/uploads\/2021\/04\/DSC_7250.jpg\" data-link=\"http:\/\/melisamartyniuk.com\/?attachment_id=115\" class=\"wp-image-115\" srcset=\"http:\/\/melisamartyniuk.com\/wp-content\/uploads\/2021\/04\/DSC_7250-1024x678.jpg 1024w, http:\/\/melisamartyniuk.com\/wp-content\/uploads\/2021\/04\/DSC_7250-300x199.jpg 300w, http:\/\/melisamartyniuk.com\/wp-content\/uploads\/2021\/04\/DSC_7250-768x509.jpg 768w, http:\/\/melisamartyniuk.com\/wp-content\/uploads\/2021\/04\/DSC_7250.jpg 1200w\" sizes=\"(max-width: 1024px) 100vw, 1024px\" \/><\/figure><\/li><li class=\"blocks-gallery-item\"><figure><img loading=\"lazy\" width=\"1024\" height=\"678\" src=\"http:\/\/melisamartyniuk.com\/wp-content\/uploads\/2021\/04\/fotos-2015-2-1024x678.jpg\" alt=\"\" data-id=\"116\" data-full-url=\"http:\/\/melisamartyniuk.com\/wp-content\/uploads\/2021\/04\/fotos-2015-2.jpg\" data-link=\"http:\/\/melisamartyniuk.com\/?attachment_id=116\" class=\"wp-image-116\" srcset=\"http:\/\/melisamartyniuk.com\/wp-content\/uploads\/2021\/04\/fotos-2015-2-1024x678.jpg 1024w, http:\/\/melisamartyniuk.com\/wp-content\/uploads\/2021\/04\/fotos-2015-2-300x199.jpg 300w, http:\/\/melisamartyniuk.com\/wp-content\/uploads\/2021\/04\/fotos-2015-2-768x509.jpg 768w, http:\/\/melisamartyniuk.com\/wp-content\/uploads\/2021\/04\/fotos-2015-2.jpg 1200w\" sizes=\"(max-width: 1024px) 100vw, 1024px\" \/><\/figure><\/li><\/ul><\/figure>\n","protected":false},"excerpt":{"rendered":"<p>Writer &#8211; director &#8211; producer \/ Escritora &#8211; directora &#8211; productora [eng]2014 &#8211; 2015Algo Sangra(Something bleeds) Written, directed and produced<\/p>\n<p><a href=\"http:\/\/melisamartyniuk.com\/?page_id=92\" class=\"more-link\">Continue reading<span class=\"screen-reader-text\">Algo Sangra<\/span><\/a><\/p>\n","protected":false},"author":1,"featured_media":0,"parent":0,"menu_order":0,"comment_status":"closed","ping_status":"closed","template":"","meta":{"om_disable_all_campaigns":false,"_monsterinsights_skip_tracking":false,"_monsterinsights_sitenote_active":false,"_monsterinsights_sitenote_note":"","_monsterinsights_sitenote_category":0},"_links":{"self":[{"href":"http:\/\/melisamartyniuk.com\/index.php?rest_route=\/wp\/v2\/pages\/92"}],"collection":[{"href":"http:\/\/melisamartyniuk.com\/index.php?rest_route=\/wp\/v2\/pages"}],"about":[{"href":"http:\/\/melisamartyniuk.com\/index.php?rest_route=\/wp\/v2\/types\/page"}],"author":[{"embeddable":true,"href":"http:\/\/melisamartyniuk.com\/index.php?rest_route=\/wp\/v2\/users\/1"}],"replies":[{"embeddable":true,"href":"http:\/\/melisamartyniuk.com\/index.php?rest_route=%2Fwp%2Fv2%2Fcomments&post=92"}],"version-history":[{"count":13,"href":"http:\/\/melisamartyniuk.com\/index.php?rest_route=\/wp\/v2\/pages\/92\/revisions"}],"predecessor-version":[{"id":435,"href":"http:\/\/melisamartyniuk.com\/index.php?rest_route=\/wp\/v2\/pages\/92\/revisions\/435"}],"wp:attachment":[{"href":"http:\/\/melisamartyniuk.com\/index.php?rest_route=%2Fwp%2Fv2%2Fmedia&parent=92"}],"curies":[{"name":"wp","href":"https:\/\/api.w.org\/{rel}","templated":true}]}}